{"id":795,"date":"2022-07-28T07:00:50","date_gmt":"2022-07-28T07:00:50","guid":{"rendered":"https:\/\/startersites.io\/elementor\/bizconsult\/?page_id=795"},"modified":"2025-12-05T02:49:13","modified_gmt":"2025-12-05T02:49:13","slug":"home","status":"publish","type":"page","link":"https:\/\/energy-solar.ro\/","title":{"rendered":"Acasa"},"content":{"rendered":"\t\t<div data-elementor-type=\"wp-page\" data-elementor-id=\"795\" class=\"elementor elementor-795\">\n\t\t\t\t<div class=\"elementor-element elementor-element-1558b93 e-flex e-con-boxed e-con e-parent\" data-id=\"1558b93\" data-element_type=\"container\" data-settings=\"{&quot;background_background&quot;:&quot;classic&quot;}\">\n\t\t\t\t\t<div class=\"e-con-inner\">\n\t\t<div class=\"elementor-element elementor-element-9689952 e-con-full e-flex e-con e-child\" data-id=\"9689952\" data-element_type=\"container\" data-settings=\"{&quot;background_background&quot;:&quot;classic&quot;}\">\n\t\t\t\t<div class=\"elementor-element elementor-element-3f3eae3 elementor-view-stacked elementor-shape-circle elementor-widget elementor-widget-icon\" data-id=\"3f3eae3\" data-element_type=\"widget\" data-widget_type=\"icon.default\">\n\t\t\t\t\t\t\t<div class=\"elementor-icon-wrapper\">\n\t\t\t<a class=\"elementor-icon\" href=\"https:\/\/youtu.be\/hpX57h1H2e4\" target=\"_blank\">\n\t\t\t<svg width=\"32\" height=\"32\" viewBox=\"0 0 90 90\"><path d=\"M45 90.005a44.719 44.719 0 0 1-17.516-3.537 44.844 44.844 0 0 1-14.3-9.645 44.85 44.85 0 0 1-9.645-14.3A44.719 44.719 0 0 1 .002 45.007a44.719 44.719 0 0 1 3.537-17.516 44.85 44.85 0 0 1 9.645-14.3 44.855 44.855 0 0 1 14.3-9.644A44.729 44.729 0 0 1 45 .005a44.729 44.729 0 0 1 17.516 3.536 44.837 44.837 0 0 1 14.3 9.644 44.841 44.841 0 0 1 9.644 14.3 44.729 44.729 0 0 1 3.536 17.516 44.729 44.729 0 0 1-3.536 17.516 44.848 44.848 0 0 1-9.644 14.3 44.845 44.845 0 0 1-14.3 9.645A44.719 44.719 0 0 1 45 90.005Zm-9-58.22a1 1 0 0 0-1 1V62.22a1 1 0 0 0 1 1 .989.989 0 0 0 .52-.147l24.082-14.718a.992.992 0 0 0 .478-.853.992.992 0 0 0-.478-.853L36.52 31.931a1 1 0 0 0-.52-.15Z\"><\/path><\/svg>\t\t\t<\/a>\n\t\t<\/div>\n\t\t\t\t\t\t<\/div>\n\t\t\t\t<\/div>\n\t\t\t\t\t<\/div>\n\t\t\t\t<\/div>\n\t\t<div class=\"elementor-element elementor-element-bad5ba8 e-flex e-con-boxed e-con e-parent\" data-id=\"bad5ba8\" data-element_type=\"container\" data-settings=\"{&quot;background_background&quot;:&quot;classic&quot;}\">\n\t\t\t\t\t<div class=\"e-con-inner\">\n\t\t\t\t<div class=\"elementor-element elementor-element-546629e elementor-widget__width-initial elementor-widget-tablet__width-inherit elementor-widget elementor-widget-image\" data-id=\"546629e\" data-element_type=\"widget\" data-widget_type=\"image.default\">\n\t\t\t\t\t\t\t\t\t\t\t\t\t\t\t<img fetchpriority=\"high\" decoding=\"async\" width=\"727\" height=\"1024\" src=\"https:\/\/energy-solar.ro\/wp-content\/uploads\/2025\/12\/fasfasfasfas-727x1024.jpg\" class=\"attachment-large size-large wp-image-1465\" alt=\"\" srcset=\"https:\/\/energy-solar.ro\/wp-content\/uploads\/2025\/12\/fasfasfasfas-727x1024.jpg 727w, https:\/\/energy-solar.ro\/wp-content\/uploads\/2025\/12\/fasfasfasfas-213x300.jpg 213w, https:\/\/energy-solar.ro\/wp-content\/uploads\/2025\/12\/fasfasfasfas-768x1082.jpg 768w, https:\/\/energy-solar.ro\/wp-content\/uploads\/2025\/12\/fasfasfasfas-1091x1536.jpg 1091w, https:\/\/energy-solar.ro\/wp-content\/uploads\/2025\/12\/fasfasfasfas.jpg 1173w\" sizes=\"(max-width: 727px) 100vw, 727px\" \/>\t\t\t\t\t\t\t\t\t\t\t\t\t\t\t<\/div>\n\t\t<div class=\"elementor-element elementor-element-6e4c1bf e-con-full e-flex e-con e-child\" data-id=\"6e4c1bf\" data-element_type=\"container\">\n\t\t\t\t<div class=\"elementor-element elementor-element-0cd4af7 elementor-widget elementor-widget-heading\" data-id=\"0cd4af7\" data-element_type=\"widget\" data-widget_type=\"heading.default\">\n\t\t\t\t\t<h3 class=\"elementor-heading-title elementor-size-default\">Programul RePowerEU \u2013 Etapa 1, COMPONENTA A <\/h3>\t\t\t\t<\/div>\n\t\t\t\t<div class=\"elementor-element elementor-element-83e4de6 elementor-widget elementor-widget-text-editor\" data-id=\"83e4de6\" data-element_type=\"widget\" data-widget_type=\"text-editor.default\">\n\t\t\t\t\t\t\t\t\t<p>Obiectivul general al proiectului este reducerea consumului de energie din surse conven\u021bionale \u00een cadrul cl\u0103dirilor reziden\u021biale unifamiliale, prin instalarea de sisteme fotovoltaice \u0219i sisteme de stocare a energiei electrice \u00een vederea \u00eembun\u0103t\u0103\u021birii eficien\u021bei energetice.<\/p>\t\t\t\t\t\t\t\t<\/div>\n\t\t\t\t<div class=\"elementor-element elementor-element-b7bfaf6 elementor-tablet-align-center elementor-widget elementor-widget-button\" data-id=\"b7bfaf6\" data-element_type=\"widget\" data-widget_type=\"button.default\">\n\t\t\t\t\t\t\t\t\t\t<a class=\"elementor-button elementor-button-link elementor-size-sm\" href=\"https:\/\/energy-solar.ro\/index.php\/repower\/\">\n\t\t\t\t\t\t<span class=\"elementor-button-content-wrapper\">\n\t\t\t\t\t\t<span class=\"elementor-button-icon\">\n\t\t\t\t<svg aria-hidden=\"true\" class=\"e-font-icon-svg e-far-arrow-alt-circle-right\" viewBox=\"0 0 512 512\" xmlns=\"http:\/\/www.w3.org\/2000\/svg\"><path d=\"M504 256C504 119 393 8 256 8S8 119 8 256s111 248 248 248 248-111 248-248zm-448 0c0-110.5 89.5-200 200-200s200 89.5 200 200-89.5 200-200 200S56 366.5 56 256zm72 20v-40c0-6.6 5.4-12 12-12h116v-67c0-10.7 12.9-16 20.5-8.5l99 99c4.7 4.7 4.7 12.3 0 17l-99 99c-7.6 7.6-20.5 2.2-20.5-8.5v-67H140c-6.6 0-12-5.4-12-12z\"><\/path><\/svg>\t\t\t<\/span>\n\t\t\t\t\t\t\t\t\t<span class=\"elementor-button-text\">Programul REPOWER<\/span>\n\t\t\t\t\t<\/span>\n\t\t\t\t\t<\/a>\n\t\t\t\t\t\t\t\t<\/div>\n\t\t\t\t<\/div>\n\t\t\t\t\t<\/div>\n\t\t\t\t<\/div>\n\t\t<div class=\"elementor-element elementor-element-50bc72b e-flex e-con-boxed e-con e-parent\" data-id=\"50bc72b\" data-element_type=\"container\">\n\t\t\t\t\t<div class=\"e-con-inner\">\n\t\t<div class=\"elementor-element elementor-element-f7c9987 e-con-full e-flex e-con e-child\" data-id=\"f7c9987\" data-element_type=\"container\">\n\t\t\t\t<div class=\"elementor-element elementor-element-5ca9209 elementor-widget__width-inherit elementor-widget elementor-widget-heading\" data-id=\"5ca9209\" data-element_type=\"widget\" data-widget_type=\"heading.default\">\n\t\t\t\t\t<h2 class=\"elementor-heading-title elementor-size-default\">Sc Startcon Energy Srl<\/h2>\t\t\t\t<\/div>\n\t\t\t\t<\/div>\n\t\t<div class=\"elementor-element elementor-element-6dadb28 e-con-full e-flex e-con e-child\" data-id=\"6dadb28\" data-element_type=\"container\">\n\t\t\t\t<div class=\"elementor-element elementor-element-c7ce522 elementor-widget elementor-widget-text-editor\" data-id=\"c7ce522\" data-element_type=\"widget\" data-widget_type=\"text-editor.default\">\n\t\t\t\t\t\t\t\t\t<p>Sisteme Panouri Fotovoltaice, Acumulatori energie solara<\/p>\t\t\t\t\t\t\t\t<\/div>\n\t\t\t\t<\/div>\n\t\t\t\t\t<\/div>\n\t\t\t\t<\/div>\n\t\t<div class=\"elementor-element elementor-element-e2fac43 e-flex e-con-boxed e-con e-parent\" data-id=\"e2fac43\" data-element_type=\"container\">\n\t\t\t\t\t<div class=\"e-con-inner\">\n\t\t<div class=\"elementor-element elementor-element-37a43e2 e-con-full ct-iconbox e-flex e-con e-child\" data-id=\"37a43e2\" data-element_type=\"container\" data-settings=\"{&quot;background_background&quot;:&quot;classic&quot;}\">\n\t\t\t\t<div class=\"elementor-element elementor-element-0b8e561 elementor-view-default elementor-position-top elementor-mobile-position-top elementor-widget elementor-widget-icon-box\" data-id=\"0b8e561\" data-element_type=\"widget\" data-widget_type=\"icon-box.default\">\n\t\t\t\t\t\t\t<div class=\"elementor-icon-box-wrapper\">\n\n\t\t\t\t\t\t<div class=\"elementor-icon-box-icon\">\n\t\t\t\t<span  class=\"elementor-icon\">\n\t\t\t\t<svg xmlns=\"http:\/\/www.w3.org\/2000\/svg\" viewBox=\"0 0 70 70\"><path d=\"m49.5 70-3.9-.8a19 19 0 1 1 24-21.9l.1.7a19 19 0 0 1-14.4 21.6l-2.7.5-3.1-.1zm-39.1 0-.4-.1c-4.6-.7-8.4-4-9.6-8.6L0 59.6V57c.3-.9.4-1.9.8-2.8C2.5 49.6 7 46.5 12 46.6a11.6 11.6 0 0 0 10.1-17 11.3 11.3 0 0 0-10.2-6.3c-5.4 0-10.1-3.6-11.5-8.9L0 13v-2.6l.1-.4a11.7 11.7 0 0 1 23.3 2 11.6 11.6 0 0 0 17.2 9.9c3.8-2 6.2-6 6.1-10.3A11.6 11.6 0 0 1 59.9.1a11.7 11.7 0 0 1-.4 23.2c-1.9.2-3.7.1-5.6.4a34.4 34.4 0 0 0-26.9 19 33 33 0 0 0-3.7 15.4c.1 5-2.9 9.4-7.6 11.2l-2.9.8-2.4-.1z\"><\/path><\/svg>\t\t\t\t<\/span>\n\t\t\t<\/div>\n\t\t\t\n\t\t\t\t\t\t<div class=\"elementor-icon-box-content\">\n\n\t\t\t\t\t\t\t\t\t<h4 class=\"elementor-icon-box-title\">\n\t\t\t\t\t\t<span  >\n\t\t\t\t\t\t\tExperienta\t\t\t\t\t\t<\/span>\n\t\t\t\t\t<\/h4>\n\t\t\t\t\n\t\t\t\t\t\t\t\t\t<p class=\"elementor-icon-box-description\">\n\t\t\t\t\t\tAvem peste 10 ani de experienta in domeniul energiei solare.\t\t\t\t\t<\/p>\n\t\t\t\t\n\t\t\t<\/div>\n\t\t\t\n\t\t<\/div>\n\t\t\t\t\t\t<\/div>\n\t\t\t\t<div class=\"elementor-element elementor-element-a708288 elementor-tablet-align-center elementor-widget elementor-widget-button\" data-id=\"a708288\" data-element_type=\"widget\" data-widget_type=\"button.default\">\n\t\t\t\t\t\t\t\t\t\t<a class=\"elementor-button elementor-button-link elementor-size-sm\" href=\"#\">\n\t\t\t\t\t\t<span class=\"elementor-button-content-wrapper\">\n\t\t\t\t\t\t<span class=\"elementor-button-icon\">\n\t\t\t\t<svg xmlns=\"http:\/\/www.w3.org\/2000\/svg\" viewBox=\"0 0 18 18\"><path d=\"M15 3.6c0-.4-.4-.6-.7-.6H4C2.7 3 2.7 5 4 5h7.6l-8.3 8.3c-.9 1 .6 2.4 1.5 1.3l8.3-8.2v7.5c0 1.4 1.9 1.4 1.9 0z\"><\/path><\/svg>\t\t\t<\/span>\n\t\t\t\t\t\t\t\t\t<span class=\"elementor-button-text\">mai mult<\/span>\n\t\t\t\t\t<\/span>\n\t\t\t\t\t<\/a>\n\t\t\t\t\t\t\t\t<\/div>\n\t\t\t\t<\/div>\n\t\t<div class=\"elementor-element elementor-element-beccbe0 e-con-full ct-iconbox e-flex e-con e-child\" data-id=\"beccbe0\" data-element_type=\"container\" data-settings=\"{&quot;background_background&quot;:&quot;classic&quot;}\">\n\t\t\t\t<div class=\"elementor-element elementor-element-575be3b elementor-view-default elementor-position-top elementor-mobile-position-top elementor-widget elementor-widget-icon-box\" data-id=\"575be3b\" data-element_type=\"widget\" data-widget_type=\"icon-box.default\">\n\t\t\t\t\t\t\t<div class=\"elementor-icon-box-wrapper\">\n\n\t\t\t\t\t\t<div class=\"elementor-icon-box-icon\">\n\t\t\t\t<span  class=\"elementor-icon\">\n\t\t\t\t<svg xmlns=\"http:\/\/www.w3.org\/2000\/svg\" viewBox=\"0 0 70 70\"><path d=\"M25.6 70a5.8 5.8 0 0 1-6.1-5.2V45.2a5.6 5.6 0 0 1 5.2-6h19.7a5.7 5.7 0 0 1 6 5.3V64c0 3.8-2.3 6.1-6.1 6.1h-9.4l-9.3-.1zm28.9-16.3h-.7v-4.2c0-1.9.1-3.7-.1-5.6a8.8 8.8 0 0 0-9.1-8.1H32.5V22.3a5.7 5.7 0 0 1 5.4-6H64a5.7 5.7 0 0 1 6 5.3v26.2a5.7 5.7 0 0 1-5.4 6h-4.3l-5.8-.1zM4.6 42.2A5.6 5.6 0 0 1 0 36.9v-3.7c.1-3 2.5-5.4 5.5-5.4h4.1c2.6.3 4.7 2.4 4.9 5v4.5a5.3 5.3 0 0 1-4.7 5l-2.5.2-2.7-.3zm18.6-11.6a5.5 5.5 0 0 1-3.7-5.1V5.4c0-3 2.5-5.4 5.4-5.4H45c3 0 5.4 2.4 5.4 5.4V13h-12a9 9 0 0 0-9.1 8.8v9.1H26a9 9 0 0 1-2.8-.3z\"><\/path><\/svg>\t\t\t\t<\/span>\n\t\t\t<\/div>\n\t\t\t\n\t\t\t\t\t\t<div class=\"elementor-icon-box-content\">\n\n\t\t\t\t\t\t\t\t\t<h4 class=\"elementor-icon-box-title\">\n\t\t\t\t\t\t<span  >\n\t\t\t\t\t\t\tProfesionalism\t\t\t\t\t\t<\/span>\n\t\t\t\t\t<\/h4>\n\t\t\t\t\n\t\t\t\t\t\t\t\t\t<p class=\"elementor-icon-box-description\">\n\t\t\t\t\t\tPunctualitatea si calitatea executiei lucrarilor noastre ne definesc\t\t\t\t\t<\/p>\n\t\t\t\t\n\t\t\t<\/div>\n\t\t\t\n\t\t<\/div>\n\t\t\t\t\t\t<\/div>\n\t\t\t\t<div class=\"elementor-element elementor-element-16300b8 elementor-tablet-align-center elementor-widget elementor-widget-button\" data-id=\"16300b8\" data-element_type=\"widget\" data-widget_type=\"button.default\">\n\t\t\t\t\t\t\t\t\t\t<a class=\"elementor-button elementor-button-link elementor-size-sm\" href=\"#\">\n\t\t\t\t\t\t<span class=\"elementor-button-content-wrapper\">\n\t\t\t\t\t\t<span class=\"elementor-button-icon\">\n\t\t\t\t<svg xmlns=\"http:\/\/www.w3.org\/2000\/svg\" viewBox=\"0 0 18 18\"><path d=\"M15 3.6c0-.4-.4-.6-.7-.6H4C2.7 3 2.7 5 4 5h7.6l-8.3 8.3c-.9 1 .6 2.4 1.5 1.3l8.3-8.2v7.5c0 1.4 1.9 1.4 1.9 0z\"><\/path><\/svg>\t\t\t<\/span>\n\t\t\t\t\t\t\t\t\t<span class=\"elementor-button-text\">mai mult<\/span>\n\t\t\t\t\t<\/span>\n\t\t\t\t\t<\/a>\n\t\t\t\t\t\t\t\t<\/div>\n\t\t\t\t<\/div>\n\t\t<div class=\"elementor-element elementor-element-a8e85f9 e-con-full ct-iconbox e-flex e-con e-child\" data-id=\"a8e85f9\" data-element_type=\"container\" data-settings=\"{&quot;background_background&quot;:&quot;classic&quot;}\">\n\t\t\t\t<div class=\"elementor-element elementor-element-97a6acc elementor-view-default elementor-position-top elementor-mobile-position-top elementor-widget elementor-widget-icon-box\" data-id=\"97a6acc\" data-element_type=\"widget\" data-widget_type=\"icon-box.default\">\n\t\t\t\t\t\t\t<div class=\"elementor-icon-box-wrapper\">\n\n\t\t\t\t\t\t<div class=\"elementor-icon-box-icon\">\n\t\t\t\t<span  class=\"elementor-icon\">\n\t\t\t\t<svg xmlns=\"http:\/\/www.w3.org\/2000\/svg\" viewBox=\"0 0 70 70\"><path d=\"m34.5 69.4-14.3-8.2c-.4-.2-.6-.6-.5-1V43.9c0-.4.2-.7.5-.9l14.3-8.2a1 1 0 0 1 1 0L49.8 43c.3.2.5.5.5.9v16.3c.1.4-.2.8-.5 1l-14.3 8.2-.5.2-.5-.2zM14.8 35.1.5 26.9c-.3-.1-.5-.5-.5-.8V9.7c0-.4.2-.7.5-.9L14.8.6a1 1 0 0 1 1 0L30 8.7c.4.2.6.6.6 1V26c0 .4-.2.7-.5.9l-14.3 8.2-.5.2-.5-.2zm39.3 0L40 27c-.4-.2-.6-.6-.6-1V9.7c0-.4.2-.8.6-1L54.2.6c.3-.2.7-.3 1-.1l14.9 8.6v17.6l-.7.3-14.1 8.1-.6.2-.6-.2z\"><\/path><\/svg>\t\t\t\t<\/span>\n\t\t\t<\/div>\n\t\t\t\n\t\t\t\t\t\t<div class=\"elementor-icon-box-content\">\n\n\t\t\t\t\t\t\t\t\t<h4 class=\"elementor-icon-box-title\">\n\t\t\t\t\t\t<span  >\n\t\t\t\t\t\t\tGarantie\t\t\t\t\t\t<\/span>\n\t\t\t\t\t<\/h4>\n\t\t\t\t\n\t\t\t\t\t\t\t\t\t<p class=\"elementor-icon-box-description\">\n\t\t\t\t\t\tToate produsele inclusiv montajul, au termen de garantie\t\t\t\t\t<\/p>\n\t\t\t\t\n\t\t\t<\/div>\n\t\t\t\n\t\t<\/div>\n\t\t\t\t\t\t<\/div>\n\t\t\t\t<div class=\"elementor-element elementor-element-113e56a elementor-tablet-align-center elementor-widget elementor-widget-button\" data-id=\"113e56a\" data-element_type=\"widget\" data-widget_type=\"button.default\">\n\t\t\t\t\t\t\t\t\t\t<a class=\"elementor-button elementor-button-link elementor-size-sm\" href=\"#\">\n\t\t\t\t\t\t<span class=\"elementor-button-content-wrapper\">\n\t\t\t\t\t\t<span class=\"elementor-button-icon\">\n\t\t\t\t<svg xmlns=\"http:\/\/www.w3.org\/2000\/svg\" viewBox=\"0 0 18 18\"><path d=\"M15 3.6c0-.4-.4-.6-.7-.6H4C2.7 3 2.7 5 4 5h7.6l-8.3 8.3c-.9 1 .6 2.4 1.5 1.3l8.3-8.2v7.5c0 1.4 1.9 1.4 1.9 0z\"><\/path><\/svg>\t\t\t<\/span>\n\t\t\t\t\t\t\t\t\t<span class=\"elementor-button-text\">mai mult<\/span>\n\t\t\t\t\t<\/span>\n\t\t\t\t\t<\/a>\n\t\t\t\t\t\t\t\t<\/div>\n\t\t\t\t<\/div>\n\t\t\t\t\t<\/div>\n\t\t\t\t<\/div>\n\t\t<div class=\"elementor-element elementor-element-2c0be2d e-flex e-con-boxed e-con e-parent\" data-id=\"2c0be2d\" data-element_type=\"container\">\n\t\t\t\t\t<div class=\"e-con-inner\">\n\t\t\t\t<div class=\"elementor-element elementor-element-d08a1a2 elementor-widget-divider--view-line elementor-widget elementor-widget-divider\" data-id=\"d08a1a2\" data-element_type=\"widget\" data-widget_type=\"divider.default\">\n\t\t\t\t\t\t\t<div class=\"elementor-divider\">\n\t\t\t<span class=\"elementor-divider-separator\">\n\t\t\t\t\t\t<\/span>\n\t\t<\/div>\n\t\t\t\t\t\t<\/div>\n\t\t\t\t\t<\/div>\n\t\t\t\t<\/div>\n\t\t<div class=\"elementor-element elementor-element-18bf1ff e-flex e-con-boxed e-con e-parent\" data-id=\"18bf1ff\" data-element_type=\"container\">\n\t\t\t\t\t<div class=\"e-con-inner\">\n\t\t<div class=\"elementor-element elementor-element-3112ecb e-flex e-con-boxed e-con e-child\" data-id=\"3112ecb\" data-element_type=\"container\" data-settings=\"{&quot;background_background&quot;:&quot;classic&quot;}\">\n\t\t\t\t\t<div class=\"e-con-inner\">\n\t\t<div class=\"elementor-element elementor-element-47cd50e e-con-full e-flex e-con e-child\" data-id=\"47cd50e\" data-element_type=\"container\" data-settings=\"{&quot;background_background&quot;:&quot;classic&quot;}\">\n\t\t\t\t<div class=\"elementor-element elementor-element-6c1a66d elementor-widget elementor-widget-heading\" data-id=\"6c1a66d\" data-element_type=\"widget\" data-widget_type=\"heading.default\">\n\t\t\t\t\t<h3 class=\"elementor-heading-title elementor-size-default\">Ai o nelamurire?<\/h3>\t\t\t\t<\/div>\n\t\t\t\t<div class=\"elementor-element elementor-element-9869d9c elementor-widget elementor-widget-text-editor\" data-id=\"9869d9c\" data-element_type=\"widget\" data-widget_type=\"text-editor.default\">\n\t\t\t\t\t\t\t\t\t<p>Intra pe pagina noastra de contact si vei gasi un formular pe care il compltezi iar noi vom reveni catre tine in cel mia scurt timp.<\/p>\t\t\t\t\t\t\t\t<\/div>\n\t\t\t\t<div class=\"elementor-element elementor-element-a303149 elementor-tablet-align-center elementor-widget elementor-widget-button\" data-id=\"a303149\" data-element_type=\"widget\" data-widget_type=\"button.default\">\n\t\t\t\t\t\t\t\t\t\t<a class=\"elementor-button elementor-button-link elementor-size-sm\" href=\"https:\/\/energy-solar.ro\/index.php\/contact\">\n\t\t\t\t\t\t<span class=\"elementor-button-content-wrapper\">\n\t\t\t\t\t\t<span class=\"elementor-button-icon\">\n\t\t\t\t<svg aria-hidden=\"true\" class=\"e-font-icon-svg e-far-arrow-alt-circle-right\" viewBox=\"0 0 512 512\" xmlns=\"http:\/\/www.w3.org\/2000\/svg\"><path d=\"M504 256C504 119 393 8 256 8S8 119 8 256s111 248 248 248 248-111 248-248zm-448 0c0-110.5 89.5-200 200-200s200 89.5 200 200-89.5 200-200 200S56 366.5 56 256zm72 20v-40c0-6.6 5.4-12 12-12h116v-67c0-10.7 12.9-16 20.5-8.5l99 99c4.7 4.7 4.7 12.3 0 17l-99 99c-7.6 7.6-20.5 2.2-20.5-8.5v-67H140c-6.6 0-12-5.4-12-12z\"><\/path><\/svg>\t\t\t<\/span>\n\t\t\t\t\t\t\t\t\t<span class=\"elementor-button-text\">Programul REPOWER<\/span>\n\t\t\t\t\t<\/span>\n\t\t\t\t\t<\/a>\n\t\t\t\t\t\t\t\t<\/div>\n\t\t\t\t<\/div>\n\t\t\t\t\t<\/div>\n\t\t\t\t<\/div>\n\t\t\t\t\t<\/div>\n\t\t\t\t<\/div>\n\t\t<div class=\"elementor-element elementor-element-dd8064f e-flex e-con-boxed e-con e-parent\" data-id=\"dd8064f\" data-element_type=\"container\" data-settings=\"{&quot;background_background&quot;:&quot;classic&quot;}\">\n\t\t\t\t\t<div class=\"e-con-inner\">\n\t\t\t\t\t<\/div>\n\t\t\t\t<\/div>\n\t\t<div class=\"elementor-element elementor-element-0faccf0 e-flex e-con-boxed e-con e-parent\" data-id=\"0faccf0\" data-element_type=\"container\" data-settings=\"{&quot;background_background&quot;:&quot;gradient&quot;}\">\n\t\t\t\t\t<div class=\"e-con-inner\">\n\t\t<div class=\"elementor-element elementor-element-e0374cd e-flex e-con-boxed e-con e-child\" data-id=\"e0374cd\" data-element_type=\"container\" data-settings=\"{&quot;background_background&quot;:&quot;classic&quot;}\">\n\t\t\t\t\t<div class=\"e-con-inner\">\n\t\t<div class=\"elementor-element elementor-element-4a9f300 e-con-full e-flex e-con e-child\" data-id=\"4a9f300\" data-element_type=\"container\">\n\t\t\t\t<div class=\"elementor-element elementor-element-c67d886 elementor-widget elementor-widget-heading\" data-id=\"c67d886\" data-element_type=\"widget\" data-widget_type=\"heading.default\">\n\t\t\t\t\t<h3 class=\"elementor-heading-title elementor-size-default\">Numele beneficiarului: SC STARTCON ENERGY SRL<\/h3>\t\t\t\t<\/div>\n\t\t\t\t<div class=\"elementor-element elementor-element-8528196 elementor-widget elementor-widget-text-editor\" data-id=\"8528196\" data-element_type=\"widget\" data-widget_type=\"text-editor.default\">\n\t\t\t\t\t\t\t\t\t<p>Obiectivele proiectului: reducerea consumului de energie din surse conven\u021bionale \u00een cadrul cl\u0103dirilor reziden\u021biale unifamiliale, prin instalarea de sisteme fotovoltaice \u0219i sisteme de stocare a energiei electrice \u00een vederea \u00eembun\u0103t\u0103\u021birii eficien\u021bei energetice.<br \/>Valoarea total\u0103 a contractului de finan\u021bare: 59.866.512 lei (TVA inclus<br \/>Perioada de implementare: 20.11.2025-30.06.2026<br \/>Cod proiect: RUE 57-I4. C16. 1A<\/p>\t\t\t\t\t\t\t\t<\/div>\n\t\t\t\t<\/div>\n\t\t\t\t\t<\/div>\n\t\t\t\t<\/div>\n\t\t\t\t\t<\/div>\n\t\t\t\t<\/div>\n\t\t\t\t<\/div>\n\t\t","protected":false},"excerpt":{"rendered":"<p>Programul RePowerEU \u2013 Etapa 1, COMPONENTA A Obiectivul general al proiectului este reducerea consumului de energie din surse conven\u021bionale \u00een cadrul cl\u0103dirilor reziden\u021biale unifamiliale, prin instalarea de sisteme fotovoltaice \u0219i sisteme de stocare a energiei electrice \u00een vederea \u00eembun\u0103t\u0103\u021birii eficien\u021bei energetice. Programul REPOWER Sc Startcon Energy Srl Sisteme Panouri Fotovoltaice, Acumulatori energie solara Experienta Avem [&hellip;]<\/p>\n","protected":false},"author":1,"featured_media":0,"parent":0,"menu_order":0,"comment_status":"closed","ping_status":"closed","template":"","meta":{"footnotes":""},"class_list":["post-795","page","type-page","status-publish","hentry"],"blocksy_meta":{"page_title_panel":"","has_hero_section":"disabled","58992816d5c675b0d0188d8e03d74c2a":"","hero_section":"type-1","hero_elements":[{"id":"custom_title","enabled":true,"heading_tag":"h1","title":"Home"},{"id":"custom_description","enabled":true,"description_visibility":{"desktop":true,"tablet":true,"mobile":false}},{"id":"custom_meta","enabled":false,"meta_elements":[{"id":"author","enabled":true,"label":"By","has_author_avatar":"yes","avatar_size":25},{"id":"post_date","enabled":true,"label":"On","date_format_source":"default","date_format":"M j, Y"},{"id":"updated_date","enabled":false,"label":"On","date_format_source":"default","date_format":"M j, Y"},{"id":"categories","enabled":false,"label":"In","style":"simple"},{"id":"comments","enabled":true}],"page_meta_elements":{"joined":true,"articles_count":true,"comments":true}},{"id":"breadcrumbs","enabled":false}],"b39f084f523290ba82e811a72ce39498":"","hero_alignment1":"CT_CSS_SKIP_RULE","hero_margin":40,"hero_alignment2":"center","hero_vertical_alignment":"center","9c9f568fa0ffab9250377c2758b20a4d":"","hero_structure":"narrow","357ab609a75a66202618f16134b26cbe":"","page_title_bg_type":"featured_image","custom_hero_background":{"attachment_id":null},"page_title_image_size":"full","parallax":{"desktop":false,"tablet":false,"mobile":false},"08ca0bb8dd075106df63ece30429134b":"","hero_height":"250px","pageTitleFont":{"family":"Default","variation":"Default","size":"30px","line-height":"CT_CSS_SKIP_RULE","letter-spacing":"CT_CSS_SKIP_RULE","text-transform":"CT_CSS_SKIP_RULE","text-decoration":"CT_CSS_SKIP_RULE"},"pageTitleFontColor":{"default":{"color":"CT_CSS_SKIP_RULEDEFAULT"}},"pageMetaFont":{"family":"Default","variation":"n6","size":"12px","line-height":"1.3","letter-spacing":"CT_CSS_SKIP_RULE","text-transform":"uppercase","text-decoration":"CT_CSS_SKIP_RULE"},"pageMetaFontColor":{"default":{"color":"CT_CSS_SKIP_RULEDEFAULT"},"hover":{"color":"CT_CSS_SKIP_RULEDEFAULT"}},"page_meta_button_type_font_colors":{"default":{"color":"CT_CSS_SKIP_RULEDEFAULT"},"hover":{"color":"CT_CSS_SKIP_RULEDEFAULT"}},"page_meta_button_type_background_colors":{"default":{"color":"CT_CSS_SKIP_RULEDEFAULT"},"hover":{"color":"CT_CSS_SKIP_RULEDEFAULT"}},"pageExcerptFont":{"family":"Default","variation":"Default","size":"CT_CSS_SKIP_RULE","line-height":"CT_CSS_SKIP_RULE","letter-spacing":"CT_CSS_SKIP_RULE","text-transform":"CT_CSS_SKIP_RULE","text-decoration":"CT_CSS_SKIP_RULE"},"pageExcerptColor":{"default":{"color":"CT_CSS_SKIP_RULEDEFAULT"}},"breadcrumbsFont":{"family":"Default","variation":"Default","size":"CT_CSS_SKIP_RULE","line-height":"CT_CSS_SKIP_RULE","letter-spacing":"CT_CSS_SKIP_RULE","text-transform":"CT_CSS_SKIP_RULE","text-decoration":"CT_CSS_SKIP_RULE"},"breadcrumbsFontColor":{"default":{"color":"CT_CSS_SKIP_RULEDEFAULT"},"initial":{"color":"CT_CSS_SKIP_RULEDEFAULT"},"hover":{"color":"CT_CSS_SKIP_RULEDEFAULT"}},"pageTitleOverlay":{"background_type":"color","background_pattern":"type-1","background_image":{"attachment_id":null,"x":0,"y":0},"gradient":"linear-gradient(135deg,rgba(6,147,227,1) 0%,rgb(155,81,224) 100%)","background_repeat":"repeat","background_size":"auto","background_attachment":"scroll","patternColor":{"default":{"color":"#e5e7ea"}},"overlayColor":{"default":{"color":"CT_CSS_SKIP_RULE"}},"backgroundColor":{"default":{"color":"CT_CSS_SKIP_RULE"}}},"pageTitleBackground":{"background_type":"color","background_pattern":"type-1","background_image":{"attachment_id":null,"x":0,"y":0},"gradient":"linear-gradient(135deg,rgba(6,147,227,1) 0%,rgb(155,81,224) 100%)","background_repeat":"repeat","background_size":"auto","background_attachment":"scroll","patternColor":{"default":{"color":"#e5e7ea"}},"overlayColor":{"default":{"color":"CT_CSS_SKIP_RULE"}},"backgroundColor":{"default":{"color":"var(--theme-palette-color-6)"}}},"pageTitlePadding":{"top":"50px","bottom":"50px","left":"auto","right":"auto","linked":true},"6a702172fc99ce2486fdb1b30b465945":"","page_structure_type":"default","8037e273ec565361dbc16b54f23832be":"","content_style_source":"inherit","content_style":"wide","vertical_spacing_source":"custom","content_area_spacing":"none","background":{"background_type":"color","background_pattern":"type-1","background_image":{"attachment_id":null,"x":0,"y":0},"gradient":"linear-gradient(135deg,rgba(6,147,227,1) 0%,rgb(155,81,224) 100%)","background_repeat":"repeat","background_size":"auto","background_attachment":"scroll","patternColor":{"default":{"color":"#e5e7ea"}},"overlayColor":{"default":{"color":"CT_CSS_SKIP_RULE"}},"backgroundColor":{"default":{"color":"CT_CSS_SKIP_RULE"}}},"content_background":{"background_type":"color","background_pattern":"type-1","background_image":{"attachment_id":null,"x":0,"y":0},"gradient":"linear-gradient(135deg,rgba(6,147,227,1) 0%,rgb(155,81,224) 100%)","background_repeat":"repeat","background_size":"auto","background_attachment":"scroll","patternColor":{"default":{"color":"#e5e7ea"}},"overlayColor":{"default":{"color":"CT_CSS_SKIP_RULE"}},"backgroundColor":{"default":{"color":"var(--theme-palette-color-8)"}}},"content_boxed_shadow":{"inherit":false,"blur":18,"spread":-6,"v_offset":12,"h_offset":0,"inset":false,"enable":true,"color":{"color":"rgba(34, 56, 101, 0.04)"}},"content_boxed_border":{"width":1,"style":"none","color":{"color":"rgba(44,62,80,0.2)"}},"content_boxed_radius":{"top":"3px","bottom":"3px","left":"3px","right":"3px","linked":true},"boxed_content_spacing":{"desktop":{"top":"40px","bottom":"40px","left":"40px","right":"40px","linked":true},"tablet":{"top":"35px","bottom":"35px","left":"35px","right":"35px","linked":true},"mobile":{"top":"20px","bottom":"20px","left":"20px","right":"20px","linked":true}},"f04324844c71a64ddad87fca7a875ecc":"","disable_featured_image":"no","disable_share_box":"no","disable_header":"no","disable_footer":"no","styles_descriptor":{"styles":{"desktop":"","tablet":"","mobile":""},"google_fonts":[],"version":6}},"_links":{"self":[{"href":"https:\/\/energy-solar.ro\/index.php\/wp-json\/wp\/v2\/pages\/795","targetHints":{"allow":["GET"]}}],"collection":[{"href":"https:\/\/energy-solar.ro\/index.php\/wp-json\/wp\/v2\/pages"}],"about":[{"href":"https:\/\/energy-solar.ro\/index.php\/wp-json\/wp\/v2\/types\/page"}],"author":[{"embeddable":true,"href":"https:\/\/energy-solar.ro\/index.php\/wp-json\/wp\/v2\/users\/1"}],"replies":[{"embeddable":true,"href":"https:\/\/energy-solar.ro\/index.php\/wp-json\/wp\/v2\/comments?post=795"}],"version-history":[{"count":31,"href":"https:\/\/energy-solar.ro\/index.php\/wp-json\/wp\/v2\/pages\/795\/revisions"}],"predecessor-version":[{"id":1533,"href":"https:\/\/energy-solar.ro\/index.php\/wp-json\/wp\/v2\/pages\/795\/revisions\/1533"}],"wp:attachment":[{"href":"https:\/\/energy-solar.ro\/index.php\/wp-json\/wp\/v2\/media?parent=795"}],"curies":[{"name":"wp","href":"https:\/\/api.w.org\/{rel}","templated":true}]}}