{"id":793,"date":"2022-07-28T07:00:37","date_gmt":"2022-07-28T07:00:37","guid":{"rendered":"https:\/\/startersites.io\/elementor\/bizconsult\/?page_id=793"},"modified":"2025-12-05T02:54:18","modified_gmt":"2025-12-05T02:54:18","slug":"repower","status":"publish","type":"page","link":"https:\/\/energy-solar.ro\/index.php\/repower\/","title":{"rendered":"RePower"},"content":{"rendered":"\t\t<div data-elementor-type=\"wp-page\" data-elementor-id=\"793\" class=\"elementor elementor-793\">\n\t\t\t\t<div class=\"elementor-element elementor-element-7eb0977 e-flex e-con-boxed e-con e-parent\" data-id=\"7eb0977\" data-element_type=\"container\" data-settings=\"{&quot;background_background&quot;:&quot;classic&quot;}\">\n\t\t\t\t\t<div class=\"e-con-inner\">\n\t\t<div class=\"elementor-element elementor-element-04b2b8f e-flex e-con-boxed e-con e-child\" data-id=\"04b2b8f\" data-element_type=\"container\">\n\t\t\t\t\t<div class=\"e-con-inner\">\n\t\t<div class=\"elementor-element elementor-element-7a60362 e-con-full e-flex e-con e-child\" data-id=\"7a60362\" data-element_type=\"container\">\n\t\t\t\t<div class=\"elementor-element elementor-element-3bce4f4 elementor-widget elementor-widget-image\" data-id=\"3bce4f4\" data-element_type=\"widget\" data-widget_type=\"image.default\">\n\t\t\t\t\t\t\t\t\t\t\t\t\t\t\t<img fetchpriority=\"high\" decoding=\"async\" width=\"1173\" height=\"1652\" src=\"https:\/\/energy-solar.ro\/wp-content\/uploads\/2025\/12\/fasfasfasfas.jpg\" class=\"attachment-full size-full wp-image-1465\" alt=\"\" srcset=\"https:\/\/energy-solar.ro\/wp-content\/uploads\/2025\/12\/fasfasfasfas.jpg 1173w, https:\/\/energy-solar.ro\/wp-content\/uploads\/2025\/12\/fasfasfasfas-213x300.jpg 213w, https:\/\/energy-solar.ro\/wp-content\/uploads\/2025\/12\/fasfasfasfas-727x1024.jpg 727w, https:\/\/energy-solar.ro\/wp-content\/uploads\/2025\/12\/fasfasfasfas-768x1082.jpg 768w, https:\/\/energy-solar.ro\/wp-content\/uploads\/2025\/12\/fasfasfasfas-1091x1536.jpg 1091w\" sizes=\"(max-width: 1173px) 100vw, 1173px\" \/>\t\t\t\t\t\t\t\t\t\t\t\t\t\t\t<\/div>\n\t\t\t\t<\/div>\n\t\t<div class=\"elementor-element elementor-element-5aeb134 e-con-full e-flex e-con e-child\" data-id=\"5aeb134\" data-element_type=\"container\">\n\t\t\t\t<div class=\"elementor-element elementor-element-7b12082 elementor-widget elementor-widget-heading\" data-id=\"7b12082\" data-element_type=\"widget\" data-widget_type=\"heading.default\">\n\t\t\t\t\t<h2 class=\"elementor-heading-title elementor-size-default\">Programul RePowerEU \u2013 Etapa 1, COMPONENTA A <\/h2>\t\t\t\t<\/div>\n\t\t\t\t<div class=\"elementor-element elementor-element-f3ebf1d elementor-widget elementor-widget-text-editor\" data-id=\"f3ebf1d\" data-element_type=\"widget\" data-widget_type=\"text-editor.default\">\n\t\t\t\t\t\t\t\t\t<p>Numele beneficiarului: SC STARTCON ENERGY SRL<\/p><p>Obiectivul general al proiectului este reducerea consumului de energie din surse conven\u021bionale \u00een cadrul cl\u0103dirilor reziden\u021biale unifamiliale, prin instalarea de sisteme fotovoltaice \u0219i sisteme de stocare a energiei electrice \u00een vederea \u00eembun\u0103t\u0103\u021birii eficien\u021bei energetice.<\/p><p>Valoarea total\u0103 a contractului de finan\u021bare: 59.866.512 lei (TVA inclus<\/p><p>Obiectivul specific al proiectului presupune instalarea de sisteme fotovoltaice cu o capacitate minim\u0103 de 3 kW \u0219i a unor sisteme de stocare a energiei electrice de cel pu\u021bin 5 kWh pentru gospod\u0103riile de\u021binute de consumatori vulnerabili.<\/p><p>Pentru mai multe detalii, Ghidul Solicitantului este disponibil pe pagina Ministerului Investi\u021biilor \u0219i Proiectelor Europene, la urm\u0103torul link: https:\/\/mfe.gov.ro\/category\/anunturi-pnrr\/<\/p><p>Perioada de implementare: 20.11.2025-30.06.2026<\/p><p>Cod proiect: RUE 57-I4. C16. 1A<\/p>\t\t\t\t\t\t\t\t<\/div>\n\t\t\t\t<\/div>\n\t\t\t\t\t<\/div>\n\t\t\t\t<\/div>\n\t\t\t\t\t<\/div>\n\t\t\t\t<\/div>\n\t\t<div class=\"elementor-element elementor-element-9c5b9f8 e-flex e-con-boxed e-con e-parent\" data-id=\"9c5b9f8\" data-element_type=\"container\">\n\t\t\t\t\t<div class=\"e-con-inner\">\n\t\t<div class=\"elementor-element elementor-element-6dcefc7 e-con-full e-flex e-con e-child\" data-id=\"6dcefc7\" data-element_type=\"container\">\n\t\t\t\t<div class=\"elementor-element elementor-element-dfdbc25 elementor-widget__width-inherit elementor-widget elementor-widget-heading\" data-id=\"dfdbc25\" data-element_type=\"widget\" data-widget_type=\"heading.default\">\n\t\t\t\t\t<h2 class=\"elementor-heading-title elementor-size-default\">Sc Startcon Energy Srl<\/h2>\t\t\t\t<\/div>\n\t\t\t\t<\/div>\n\t\t<div class=\"elementor-element elementor-element-2283b92 e-con-full e-flex e-con e-child\" data-id=\"2283b92\" data-element_type=\"container\">\n\t\t\t\t<div class=\"elementor-element elementor-element-048843f elementor-widget elementor-widget-text-editor\" data-id=\"048843f\" data-element_type=\"widget\" data-widget_type=\"text-editor.default\">\n\t\t\t\t\t\t\t\t\t<p>Sisteme Panouri Fotovoltaice, Acumulatori energie solara<\/p>\t\t\t\t\t\t\t\t<\/div>\n\t\t\t\t<\/div>\n\t\t\t\t\t<\/div>\n\t\t\t\t<\/div>\n\t\t<div class=\"elementor-element elementor-element-2eed737 e-flex e-con-boxed e-con e-parent\" data-id=\"2eed737\" data-element_type=\"container\">\n\t\t\t\t\t<div class=\"e-con-inner\">\n\t\t<div class=\"elementor-element elementor-element-1124304 e-con-full ct-iconbox e-flex e-con e-child\" data-id=\"1124304\" data-element_type=\"container\" data-settings=\"{&quot;background_background&quot;:&quot;classic&quot;}\">\n\t\t\t\t<div class=\"elementor-element elementor-element-61d224b elementor-view-default elementor-position-top elementor-mobile-position-top elementor-widget elementor-widget-icon-box\" data-id=\"61d224b\" data-element_type=\"widget\" data-widget_type=\"icon-box.default\">\n\t\t\t\t\t\t\t<div class=\"elementor-icon-box-wrapper\">\n\n\t\t\t\t\t\t<div class=\"elementor-icon-box-icon\">\n\t\t\t\t<span  class=\"elementor-icon\">\n\t\t\t\t<svg xmlns=\"http:\/\/www.w3.org\/2000\/svg\" viewBox=\"0 0 70 70\"><path d=\"m49.5 70-3.9-.8a19 19 0 1 1 24-21.9l.1.7a19 19 0 0 1-14.4 21.6l-2.7.5-3.1-.1zm-39.1 0-.4-.1c-4.6-.7-8.4-4-9.6-8.6L0 59.6V57c.3-.9.4-1.9.8-2.8C2.5 49.6 7 46.5 12 46.6a11.6 11.6 0 0 0 10.1-17 11.3 11.3 0 0 0-10.2-6.3c-5.4 0-10.1-3.6-11.5-8.9L0 13v-2.6l.1-.4a11.7 11.7 0 0 1 23.3 2 11.6 11.6 0 0 0 17.2 9.9c3.8-2 6.2-6 6.1-10.3A11.6 11.6 0 0 1 59.9.1a11.7 11.7 0 0 1-.4 23.2c-1.9.2-3.7.1-5.6.4a34.4 34.4 0 0 0-26.9 19 33 33 0 0 0-3.7 15.4c.1 5-2.9 9.4-7.6 11.2l-2.9.8-2.4-.1z\"><\/path><\/svg>\t\t\t\t<\/span>\n\t\t\t<\/div>\n\t\t\t\n\t\t\t\t\t\t<div class=\"elementor-icon-box-content\">\n\n\t\t\t\t\t\t\t\t\t<h4 class=\"elementor-icon-box-title\">\n\t\t\t\t\t\t<span  >\n\t\t\t\t\t\t\tExperienta\t\t\t\t\t\t<\/span>\n\t\t\t\t\t<\/h4>\n\t\t\t\t\n\t\t\t\t\t\t\t\t\t<p class=\"elementor-icon-box-description\">\n\t\t\t\t\t\tAvem peste 10 ani de experienta in domeniul energiei solare.\t\t\t\t\t<\/p>\n\t\t\t\t\n\t\t\t<\/div>\n\t\t\t\n\t\t<\/div>\n\t\t\t\t\t\t<\/div>\n\t\t\t\t<div class=\"elementor-element elementor-element-a7f4c7a elementor-tablet-align-center elementor-widget elementor-widget-button\" data-id=\"a7f4c7a\" data-element_type=\"widget\" data-widget_type=\"button.default\">\n\t\t\t\t\t\t\t\t\t\t<a class=\"elementor-button elementor-button-link elementor-size-sm\" href=\"#\">\n\t\t\t\t\t\t<span class=\"elementor-button-content-wrapper\">\n\t\t\t\t\t\t<span class=\"elementor-button-icon\">\n\t\t\t\t<svg xmlns=\"http:\/\/www.w3.org\/2000\/svg\" viewBox=\"0 0 18 18\"><path d=\"M15 3.6c0-.4-.4-.6-.7-.6H4C2.7 3 2.7 5 4 5h7.6l-8.3 8.3c-.9 1 .6 2.4 1.5 1.3l8.3-8.2v7.5c0 1.4 1.9 1.4 1.9 0z\"><\/path><\/svg>\t\t\t<\/span>\n\t\t\t\t\t\t\t\t\t<span class=\"elementor-button-text\">mai mult<\/span>\n\t\t\t\t\t<\/span>\n\t\t\t\t\t<\/a>\n\t\t\t\t\t\t\t\t<\/div>\n\t\t\t\t<\/div>\n\t\t<div class=\"elementor-element elementor-element-166d01a e-con-full ct-iconbox e-flex e-con e-child\" data-id=\"166d01a\" data-element_type=\"container\" data-settings=\"{&quot;background_background&quot;:&quot;classic&quot;}\">\n\t\t\t\t<div class=\"elementor-element elementor-element-6eaa65b elementor-view-default elementor-position-top elementor-mobile-position-top elementor-widget elementor-widget-icon-box\" data-id=\"6eaa65b\" data-element_type=\"widget\" data-widget_type=\"icon-box.default\">\n\t\t\t\t\t\t\t<div class=\"elementor-icon-box-wrapper\">\n\n\t\t\t\t\t\t<div class=\"elementor-icon-box-icon\">\n\t\t\t\t<span  class=\"elementor-icon\">\n\t\t\t\t<svg xmlns=\"http:\/\/www.w3.org\/2000\/svg\" viewBox=\"0 0 70 70\"><path d=\"M25.6 70a5.8 5.8 0 0 1-6.1-5.2V45.2a5.6 5.6 0 0 1 5.2-6h19.7a5.7 5.7 0 0 1 6 5.3V64c0 3.8-2.3 6.1-6.1 6.1h-9.4l-9.3-.1zm28.9-16.3h-.7v-4.2c0-1.9.1-3.7-.1-5.6a8.8 8.8 0 0 0-9.1-8.1H32.5V22.3a5.7 5.7 0 0 1 5.4-6H64a5.7 5.7 0 0 1 6 5.3v26.2a5.7 5.7 0 0 1-5.4 6h-4.3l-5.8-.1zM4.6 42.2A5.6 5.6 0 0 1 0 36.9v-3.7c.1-3 2.5-5.4 5.5-5.4h4.1c2.6.3 4.7 2.4 4.9 5v4.5a5.3 5.3 0 0 1-4.7 5l-2.5.2-2.7-.3zm18.6-11.6a5.5 5.5 0 0 1-3.7-5.1V5.4c0-3 2.5-5.4 5.4-5.4H45c3 0 5.4 2.4 5.4 5.4V13h-12a9 9 0 0 0-9.1 8.8v9.1H26a9 9 0 0 1-2.8-.3z\"><\/path><\/svg>\t\t\t\t<\/span>\n\t\t\t<\/div>\n\t\t\t\n\t\t\t\t\t\t<div class=\"elementor-icon-box-content\">\n\n\t\t\t\t\t\t\t\t\t<h4 class=\"elementor-icon-box-title\">\n\t\t\t\t\t\t<span  >\n\t\t\t\t\t\t\tProfesionalism\t\t\t\t\t\t<\/span>\n\t\t\t\t\t<\/h4>\n\t\t\t\t\n\t\t\t\t\t\t\t\t\t<p class=\"elementor-icon-box-description\">\n\t\t\t\t\t\tPunctualitatea si calitatea executiei lucrarilor noastre ne definesc\t\t\t\t\t<\/p>\n\t\t\t\t\n\t\t\t<\/div>\n\t\t\t\n\t\t<\/div>\n\t\t\t\t\t\t<\/div>\n\t\t\t\t<div class=\"elementor-element elementor-element-8d6888a elementor-tablet-align-center elementor-widget elementor-widget-button\" data-id=\"8d6888a\" data-element_type=\"widget\" data-widget_type=\"button.default\">\n\t\t\t\t\t\t\t\t\t\t<a class=\"elementor-button elementor-button-link elementor-size-sm\" href=\"#\">\n\t\t\t\t\t\t<span class=\"elementor-button-content-wrapper\">\n\t\t\t\t\t\t<span class=\"elementor-button-icon\">\n\t\t\t\t<svg xmlns=\"http:\/\/www.w3.org\/2000\/svg\" viewBox=\"0 0 18 18\"><path d=\"M15 3.6c0-.4-.4-.6-.7-.6H4C2.7 3 2.7 5 4 5h7.6l-8.3 8.3c-.9 1 .6 2.4 1.5 1.3l8.3-8.2v7.5c0 1.4 1.9 1.4 1.9 0z\"><\/path><\/svg>\t\t\t<\/span>\n\t\t\t\t\t\t\t\t\t<span class=\"elementor-button-text\">mai mult<\/span>\n\t\t\t\t\t<\/span>\n\t\t\t\t\t<\/a>\n\t\t\t\t\t\t\t\t<\/div>\n\t\t\t\t<\/div>\n\t\t<div class=\"elementor-element elementor-element-083ef96 e-con-full ct-iconbox e-flex e-con e-child\" data-id=\"083ef96\" data-element_type=\"container\" data-settings=\"{&quot;background_background&quot;:&quot;classic&quot;}\">\n\t\t\t\t<div class=\"elementor-element elementor-element-2a11595 elementor-view-default elementor-position-top elementor-mobile-position-top elementor-widget elementor-widget-icon-box\" data-id=\"2a11595\" data-element_type=\"widget\" data-widget_type=\"icon-box.default\">\n\t\t\t\t\t\t\t<div class=\"elementor-icon-box-wrapper\">\n\n\t\t\t\t\t\t<div class=\"elementor-icon-box-icon\">\n\t\t\t\t<span  class=\"elementor-icon\">\n\t\t\t\t<svg xmlns=\"http:\/\/www.w3.org\/2000\/svg\" viewBox=\"0 0 70 70\"><path d=\"m34.5 69.4-14.3-8.2c-.4-.2-.6-.6-.5-1V43.9c0-.4.2-.7.5-.9l14.3-8.2a1 1 0 0 1 1 0L49.8 43c.3.2.5.5.5.9v16.3c.1.4-.2.8-.5 1l-14.3 8.2-.5.2-.5-.2zM14.8 35.1.5 26.9c-.3-.1-.5-.5-.5-.8V9.7c0-.4.2-.7.5-.9L14.8.6a1 1 0 0 1 1 0L30 8.7c.4.2.6.6.6 1V26c0 .4-.2.7-.5.9l-14.3 8.2-.5.2-.5-.2zm39.3 0L40 27c-.4-.2-.6-.6-.6-1V9.7c0-.4.2-.8.6-1L54.2.6c.3-.2.7-.3 1-.1l14.9 8.6v17.6l-.7.3-14.1 8.1-.6.2-.6-.2z\"><\/path><\/svg>\t\t\t\t<\/span>\n\t\t\t<\/div>\n\t\t\t\n\t\t\t\t\t\t<div class=\"elementor-icon-box-content\">\n\n\t\t\t\t\t\t\t\t\t<h4 class=\"elementor-icon-box-title\">\n\t\t\t\t\t\t<span  >\n\t\t\t\t\t\t\tGarantie\t\t\t\t\t\t<\/span>\n\t\t\t\t\t<\/h4>\n\t\t\t\t\n\t\t\t\t\t\t\t\t\t<p class=\"elementor-icon-box-description\">\n\t\t\t\t\t\tToate produsele inclusiv montajul, au termen de garantie\t\t\t\t\t<\/p>\n\t\t\t\t\n\t\t\t<\/div>\n\t\t\t\n\t\t<\/div>\n\t\t\t\t\t\t<\/div>\n\t\t\t\t<div class=\"elementor-element elementor-element-624e428 elementor-tablet-align-center elementor-widget elementor-widget-button\" data-id=\"624e428\" data-element_type=\"widget\" data-widget_type=\"button.default\">\n\t\t\t\t\t\t\t\t\t\t<a class=\"elementor-button elementor-button-link elementor-size-sm\" href=\"#\">\n\t\t\t\t\t\t<span class=\"elementor-button-content-wrapper\">\n\t\t\t\t\t\t<span class=\"elementor-button-icon\">\n\t\t\t\t<svg xmlns=\"http:\/\/www.w3.org\/2000\/svg\" viewBox=\"0 0 18 18\"><path d=\"M15 3.6c0-.4-.4-.6-.7-.6H4C2.7 3 2.7 5 4 5h7.6l-8.3 8.3c-.9 1 .6 2.4 1.5 1.3l8.3-8.2v7.5c0 1.4 1.9 1.4 1.9 0z\"><\/path><\/svg>\t\t\t<\/span>\n\t\t\t\t\t\t\t\t\t<span class=\"elementor-button-text\">mai mult<\/span>\n\t\t\t\t\t<\/span>\n\t\t\t\t\t<\/a>\n\t\t\t\t\t\t\t\t<\/div>\n\t\t\t\t<\/div>\n\t\t\t\t\t<\/div>\n\t\t\t\t<\/div>\n\t\t<div class=\"elementor-element elementor-element-cd6f013 e-flex e-con-boxed e-con e-parent\" data-id=\"cd6f013\" data-element_type=\"container\">\n\t\t\t\t\t<div class=\"e-con-inner\">\n\t\t<div class=\"elementor-element elementor-element-5d50223 e-flex e-con-boxed e-con e-child\" data-id=\"5d50223\" data-element_type=\"container\" data-settings=\"{&quot;background_background&quot;:&quot;classic&quot;}\">\n\t\t\t\t\t<div class=\"e-con-inner\">\n\t\t<div class=\"elementor-element elementor-element-8ee30e3 e-con-full e-flex e-con e-child\" data-id=\"8ee30e3\" data-element_type=\"container\" data-settings=\"{&quot;background_background&quot;:&quot;classic&quot;}\">\n\t\t\t\t<div class=\"elementor-element elementor-element-db4b701 elementor-widget elementor-widget-heading\" data-id=\"db4b701\" data-element_type=\"widget\" data-widget_type=\"heading.default\">\n\t\t\t\t\t<h3 class=\"elementor-heading-title elementor-size-default\">Ai o nelamurire?<\/h3>\t\t\t\t<\/div>\n\t\t\t\t<div class=\"elementor-element elementor-element-8f9d99b elementor-widget elementor-widget-text-editor\" data-id=\"8f9d99b\" data-element_type=\"widget\" data-widget_type=\"text-editor.default\">\n\t\t\t\t\t\t\t\t\t<p>Intra pe pagina noastra de contact si vei gasi un formular pe care il compltezi iar noi vom reveni catre tine in cel mia scurt timp.<\/p>\t\t\t\t\t\t\t\t<\/div>\n\t\t\t\t<div class=\"elementor-element elementor-element-d769330 elementor-tablet-align-center elementor-widget elementor-widget-button\" data-id=\"d769330\" data-element_type=\"widget\" data-widget_type=\"button.default\">\n\t\t\t\t\t\t\t\t\t\t<a class=\"elementor-button elementor-button-link elementor-size-sm\" href=\"https:\/\/energy-solar.ro\/index.php\/contact\">\n\t\t\t\t\t\t<span class=\"elementor-button-content-wrapper\">\n\t\t\t\t\t\t<span class=\"elementor-button-icon\">\n\t\t\t\t<svg aria-hidden=\"true\" class=\"e-font-icon-svg e-far-arrow-alt-circle-right\" viewBox=\"0 0 512 512\" xmlns=\"http:\/\/www.w3.org\/2000\/svg\"><path d=\"M504 256C504 119 393 8 256 8S8 119 8 256s111 248 248 248 248-111 248-248zm-448 0c0-110.5 89.5-200 200-200s200 89.5 200 200-89.5 200-200 200S56 366.5 56 256zm72 20v-40c0-6.6 5.4-12 12-12h116v-67c0-10.7 12.9-16 20.5-8.5l99 99c4.7 4.7 4.7 12.3 0 17l-99 99c-7.6 7.6-20.5 2.2-20.5-8.5v-67H140c-6.6 0-12-5.4-12-12z\"><\/path><\/svg>\t\t\t<\/span>\n\t\t\t\t\t\t\t\t\t<span class=\"elementor-button-text\">Programul REPOWER<\/span>\n\t\t\t\t\t<\/span>\n\t\t\t\t\t<\/a>\n\t\t\t\t\t\t\t\t<\/div>\n\t\t\t\t<\/div>\n\t\t\t\t\t<\/div>\n\t\t\t\t<\/div>\n\t\t\t\t\t<\/div>\n\t\t\t\t<\/div>\n\t\t\t\t<\/div>\n\t\t","protected":false},"excerpt":{"rendered":"<p>Programul RePowerEU \u2013 Etapa 1, COMPONENTA A Numele beneficiarului: SC STARTCON ENERGY SRL Obiectivul general al proiectului este reducerea consumului de energie din surse conven\u021bionale \u00een cadrul cl\u0103dirilor reziden\u021biale unifamiliale, prin instalarea de sisteme fotovoltaice \u0219i sisteme de stocare a energiei electrice \u00een vederea \u00eembun\u0103t\u0103\u021birii eficien\u021bei energetice. Valoarea total\u0103 a contractului de finan\u021bare: 59.866.512 lei [&hellip;]<\/p>\n","protected":false},"author":1,"featured_media":0,"parent":0,"menu_order":0,"comment_status":"closed","ping_status":"closed","template":"","meta":{"footnotes":""},"class_list":["post-793","page","type-page","status-publish","hentry"],"blocksy_meta":{"page_title_panel":"","has_hero_section":"disabled","e38715bb122191d12b00a4ff2f5acc0d":"","hero_section":"type-1","hero_elements":[{"id":"custom_title","enabled":true,"heading_tag":"h1","title":"Home"},{"id":"custom_description","enabled":true,"description_visibility":{"desktop":true,"tablet":true,"mobile":false}},{"id":"custom_meta","enabled":false,"meta_elements":[{"id":"author","enabled":true,"label":"By","has_author_avatar":"yes","avatar_size":25},{"id":"post_date","enabled":true,"label":"On","date_format_source":"default","date_format":"M j, Y"},{"id":"updated_date","enabled":false,"label":"On","date_format_source":"default","date_format":"M j, Y"},{"id":"categories","enabled":false,"label":"In","style":"simple"},{"id":"comments","enabled":true}],"page_meta_elements":{"joined":true,"articles_count":true,"comments":true}},{"id":"breadcrumbs","enabled":false}],"cdfdc69e127db85256160ecef73f61cf":"","hero_alignment1":"CT_CSS_SKIP_RULE","hero_margin":40,"hero_alignment2":"center","hero_vertical_alignment":"center","6fea0e66a2b5d6a4880c87191c0e3589":"","hero_structure":"narrow","caec56dac1f3124aba4f24b90c3f166d":"","page_title_bg_type":"featured_image","custom_hero_background":{"attachment_id":null},"page_title_image_size":"full","parallax":{"desktop":false,"tablet":false,"mobile":false},"07106ee7ed2e4852a96bbd1e7c3ca084":"","hero_height":"250px","pageTitleFont":{"family":"Default","variation":"Default","size":"30px","line-height":"CT_CSS_SKIP_RULE","letter-spacing":"CT_CSS_SKIP_RULE","text-transform":"CT_CSS_SKIP_RULE","text-decoration":"CT_CSS_SKIP_RULE"},"pageTitleFontColor":{"default":{"color":"CT_CSS_SKIP_RULEDEFAULT"}},"pageMetaFont":{"family":"Default","variation":"n6","size":"12px","line-height":"1.3","letter-spacing":"CT_CSS_SKIP_RULE","text-transform":"uppercase","text-decoration":"CT_CSS_SKIP_RULE"},"pageMetaFontColor":{"default":{"color":"CT_CSS_SKIP_RULEDEFAULT"},"hover":{"color":"CT_CSS_SKIP_RULEDEFAULT"}},"page_meta_button_type_font_colors":{"default":{"color":"CT_CSS_SKIP_RULEDEFAULT"},"hover":{"color":"CT_CSS_SKIP_RULEDEFAULT"}},"page_meta_button_type_background_colors":{"default":{"color":"CT_CSS_SKIP_RULEDEFAULT"},"hover":{"color":"CT_CSS_SKIP_RULEDEFAULT"}},"pageExcerptFont":{"family":"Default","variation":"Default","size":"CT_CSS_SKIP_RULE","line-height":"CT_CSS_SKIP_RULE","letter-spacing":"CT_CSS_SKIP_RULE","text-transform":"CT_CSS_SKIP_RULE","text-decoration":"CT_CSS_SKIP_RULE"},"pageExcerptColor":{"default":{"color":"CT_CSS_SKIP_RULEDEFAULT"}},"breadcrumbsFont":{"family":"Default","variation":"Default","size":"CT_CSS_SKIP_RULE","line-height":"CT_CSS_SKIP_RULE","letter-spacing":"CT_CSS_SKIP_RULE","text-transform":"CT_CSS_SKIP_RULE","text-decoration":"CT_CSS_SKIP_RULE"},"breadcrumbsFontColor":{"default":{"color":"CT_CSS_SKIP_RULEDEFAULT"},"initial":{"color":"CT_CSS_SKIP_RULEDEFAULT"},"hover":{"color":"CT_CSS_SKIP_RULEDEFAULT"}},"pageTitleOverlay":{"background_type":"color","background_pattern":"type-1","background_image":{"attachment_id":null,"x":0,"y":0},"gradient":"linear-gradient(135deg,rgba(6,147,227,1) 0%,rgb(155,81,224) 100%)","background_repeat":"repeat","background_size":"auto","background_attachment":"scroll","patternColor":{"default":{"color":"#e5e7ea"}},"overlayColor":{"default":{"color":"CT_CSS_SKIP_RULE"}},"backgroundColor":{"default":{"color":"CT_CSS_SKIP_RULE"}}},"pageTitleBackground":{"background_type":"color","background_pattern":"type-1","background_image":{"attachment_id":null,"x":0,"y":0},"gradient":"linear-gradient(135deg,rgba(6,147,227,1) 0%,rgb(155,81,224) 100%)","background_repeat":"repeat","background_size":"auto","background_attachment":"scroll","patternColor":{"default":{"color":"#e5e7ea"}},"overlayColor":{"default":{"color":"CT_CSS_SKIP_RULE"}},"backgroundColor":{"default":{"color":"var(--theme-palette-color-6)"}}},"pageTitlePadding":{"top":"50px","bottom":"50px","left":"auto","right":"auto","linked":true},"8731634cc32e95e0be09e75dbf703b3f":"","page_structure_type":"default","6ef7870ac163491031ebf652adea8358":"","content_style_source":"inherit","content_style":"wide","vertical_spacing_source":"custom","content_area_spacing":"none","background":{"background_type":"color","background_pattern":"type-1","background_image":{"attachment_id":null,"x":0,"y":0},"gradient":"linear-gradient(135deg,rgba(6,147,227,1) 0%,rgb(155,81,224) 100%)","background_repeat":"repeat","background_size":"auto","background_attachment":"scroll","patternColor":{"default":{"color":"#e5e7ea"}},"overlayColor":{"default":{"color":"CT_CSS_SKIP_RULE"}},"backgroundColor":{"default":{"color":"CT_CSS_SKIP_RULE"}}},"content_background":{"background_type":"color","background_pattern":"type-1","background_image":{"attachment_id":null,"x":0,"y":0},"gradient":"linear-gradient(135deg,rgba(6,147,227,1) 0%,rgb(155,81,224) 100%)","background_repeat":"repeat","background_size":"auto","background_attachment":"scroll","patternColor":{"default":{"color":"#e5e7ea"}},"overlayColor":{"default":{"color":"CT_CSS_SKIP_RULE"}},"backgroundColor":{"default":{"color":"var(--theme-palette-color-8)"}}},"content_boxed_shadow":{"inherit":false,"blur":18,"spread":-6,"v_offset":12,"h_offset":0,"inset":false,"enable":true,"color":{"color":"rgba(34, 56, 101, 0.04)"}},"content_boxed_border":{"width":1,"style":"none","color":{"color":"rgba(44,62,80,0.2)"}},"content_boxed_radius":{"top":"3px","bottom":"3px","left":"3px","right":"3px","linked":true},"boxed_content_spacing":{"desktop":{"top":"40px","bottom":"40px","left":"40px","right":"40px","linked":true},"tablet":{"top":"35px","bottom":"35px","left":"35px","right":"35px","linked":true},"mobile":{"top":"20px","bottom":"20px","left":"20px","right":"20px","linked":true}},"36b606f0b937718d397a640df4fa4b31":"","disable_featured_image":"no","disable_share_box":"no","disable_header":"no","disable_footer":"no","styles_descriptor":{"styles":{"desktop":"","tablet":"","mobile":""},"google_fonts":[],"version":6}},"_links":{"self":[{"href":"https:\/\/energy-solar.ro\/index.php\/wp-json\/wp\/v2\/pages\/793","targetHints":{"allow":["GET"]}}],"collection":[{"href":"https:\/\/energy-solar.ro\/index.php\/wp-json\/wp\/v2\/pages"}],"about":[{"href":"https:\/\/energy-solar.ro\/index.php\/wp-json\/wp\/v2\/types\/page"}],"author":[{"embeddable":true,"href":"https:\/\/energy-solar.ro\/index.php\/wp-json\/wp\/v2\/users\/1"}],"replies":[{"embeddable":true,"href":"https:\/\/energy-solar.ro\/index.php\/wp-json\/wp\/v2\/comments?post=793"}],"version-history":[{"count":22,"href":"https:\/\/energy-solar.ro\/index.php\/wp-json\/wp\/v2\/pages\/793\/revisions"}],"predecessor-version":[{"id":1539,"href":"https:\/\/energy-solar.ro\/index.php\/wp-json\/wp\/v2\/pages\/793\/revisions\/1539"}],"wp:attachment":[{"href":"https:\/\/energy-solar.ro\/index.php\/wp-json\/wp\/v2\/media?parent=793"}],"curies":[{"name":"wp","href":"https:\/\/api.w.org\/{rel}","templated":true}]}}